{"id":5986,"date":"2023-10-27T15:54:45","date_gmt":"2023-10-27T15:54:45","guid":{"rendered":"https:\/\/www.artefita.pt\/?page_id=5986"},"modified":"2025-12-04T15:04:53","modified_gmt":"2025-12-04T15:04:53","slug":"ptcanal-interno-de-denuncias","status":"publish","type":"page","link":"https:\/\/www.artefita.pt\/fr\/ptcanal-interno-de-denuncias\/","title":{"rendered":"Canal Interno de Den\u00fancias"},"content":{"rendered":"\n<p id=\"canalden\u00fancias\"><\/p>\n\n\n\n<p>Conform\u00e9ment \u00e0 la Loi 93\/2021 du 20.12, ARTEFITA met \u00e0 disposition un canal interne de communication pour les d\u00e9nonciations:<\/p>\n\n\n\n<p>Vous devez t\u00e9l\u00e9charger et remplir le formulaire de communication:<\/p>\n\n\n\n<p><\/p>\n\n\n\n<p><a href=\"https:\/\/tinyurl.com\/2yu7u8wj\" data-type=\"link\" data-id=\"https:\/\/tinyurl.com\/2yu7u8wj\">T\u00e9l\u00e9charger le formulaire de communication<\/a><\/p>\n\n\n\n<p><\/p>\n\n\n\n<p>Ensuite, soumettez le formulaire rempli, y compris les pi\u00e8ces jointes que vous jugez pertinentes, par l\u2019un des moyens indiqu\u00e9s dans le formulaire lui-m\u00eame.<\/p>\n\n\n\n<p><\/p>\n","protected":false},"excerpt":{"rendered":"<p>Conform\u00e9ment \u00e0 la Loi 93\/2021 du 20.12, ARTEFITA met \u00e0 disposition un canal interne de communication pour les d\u00e9nonciations: Vous devez t\u00e9l\u00e9charger et remplir le formulaire de communication: T\u00e9l\u00e9charger le formulaire de communication Ensuite, soumettez le formulaire rempli, y compris les pi\u00e8ces jointes que vous jugez pertinentes, par l\u2019un des moyens indiqu\u00e9s dans le formulaire&#8230;<\/p>\n","protected":false},"author":1,"featured_media":0,"parent":0,"menu_order":0,"comment_status":"closed","ping_status":"closed","template":"","meta":{"_kad_post_transparent":"","_kad_post_title":"default","_kad_post_layout":"","_kad_post_sidebar_id":"","_kad_post_content_style":"","_kad_post_vertical_padding":"","_kad_post_feature":"","_kad_post_feature_position":"","_kad_post_header":false,"_kad_post_footer":false,"slim_seo":{"title":"Canal Interno de Comunica\u00e7\u00e3o de Den\u00fancias da ARTEFITA","description":"Em cumprimento do disposto na Lei 93\/2021 de 20.12 a ARTEFITA disponibiliza o canal interno de comunica\u00e7\u00e3o de den\u00fancias"},"footnotes":""},"aioseo_notices":[],"_links":{"self":[{"href":"https:\/\/www.artefita.pt\/fr\/wp-json\/wp\/v2\/pages\/5986"}],"collection":[{"href":"https:\/\/www.artefita.pt\/fr\/wp-json\/wp\/v2\/pages"}],"about":[{"href":"https:\/\/www.artefita.pt\/fr\/wp-json\/wp\/v2\/types\/page"}],"author":[{"embeddable":true,"href":"https:\/\/www.artefita.pt\/fr\/wp-json\/wp\/v2\/users\/1"}],"replies":[{"embeddable":true,"href":"https:\/\/www.artefita.pt\/fr\/wp-json\/wp\/v2\/comments?post=5986"}],"version-history":[{"count":13,"href":"https:\/\/www.artefita.pt\/fr\/wp-json\/wp\/v2\/pages\/5986\/revisions"}],"predecessor-version":[{"id":7118,"href":"https:\/\/www.artefita.pt\/fr\/wp-json\/wp\/v2\/pages\/5986\/revisions\/7118"}],"wp:attachment":[{"href":"https:\/\/www.artefita.pt\/fr\/wp-json\/wp\/v2\/media?parent=5986"}],"curies":[{"name":"wp","href":"https:\/\/api.w.org\/{rel}","templated":true}]}}