{"id":4119,"date":"2019-03-13T10:02:10","date_gmt":"2019-03-13T10:02:10","guid":{"rendered":"https:\/\/www.artefita.pt\/?page_id=4119"},"modified":"2022-05-20T09:56:44","modified_gmt":"2022-05-20T09:56:44","slug":"politica-de-privacidade","status":"publish","type":"page","link":"https:\/\/www.artefita.pt\/fr\/politica-de-privacidade\/","title":{"rendered":"Politique de Confidentialit\u00e9"},"content":{"rendered":"\n<p><strong>Les informations personnelles\/d&rsquo;identification collect\u00e9es ne seront utilis\u00e9es que par ARTEFITA et ne seront mises \u00e0 la disposition d&rsquo;aucune autre entit\u00e9.<\/strong><\/p>\n\n\n\n<p>ARTEFITA peut utiliser ces donn\u00e9es pour des analyses statistiques, des campagnes marketing ou des newsletters. Lors d&rsquo;un achat sur la boutique en ligne ARTEFITA, nous collectons des informations sur l&rsquo;adresse de livraison, le num\u00e9ro fiscal pour la facturation et les d\u00e9tails de paiement. Dans le cadre de l&rsquo;am\u00e9lioration du contenu et de l&rsquo;exp\u00e9rience utilisateur, nous pouvons collecter des informations sur votre exp\u00e9rience dans la boutique en ligne ARTEFITA.<\/p>\n\n\n\n<p>Les donn\u00e9es collect\u00e9es sont utilis\u00e9es afin qu&rsquo;ARTEFITA puisse traiter vos commandes, vous signaler des modifications importantes ou des nouveaut\u00e9s du site ou r\u00e9aliser des enqu\u00eates.<\/p>\n\n\n\n<p>ARTEFITA peut vous envoyer des informations sur les produits et services, les campagnes, les promotions et les offres sp\u00e9ciales par e-mail. Si vous ne souhaitez pas \u00eatre contact\u00e9 \u00e0 ces fins, vous pouvez annuler de la mani\u00e8re suivante :<\/p>\n\n\n\n<p>\u2013 Dans les newsletters envoy\u00e9es \u00e0 votre adresse e-mail, vous aurez un lien pour vous d\u00e9sinscrire;<br>\u2013 Vous pouvez contacter notre service client par e-mail marketing@artefita.pt.<\/p>\n\n\n\n<p>Aux fins de modification des donn\u00e9es du Compte Utilisateur dans la Boutique en ligne, ARTEFITA pourra demander une preuve d&rsquo;identit\u00e9 avant de divulguer toute information.<\/p>\n\n\n\n<p>Conform\u00e9ment aux dispositions de la loi n\u00ba 67\/98 du 26 octobre (loi sur la protection des donn\u00e9es personnelles), l&rsquo;utilisateur peut, \u00e0 tout moment, exercer les droits d&rsquo;acc\u00e8s, de rectification et d&rsquo;annulation de ses donn\u00e9es.<\/p>\n\n\n\n<h3 class=\"has-text-align-left wp-block-heading\">Cookies<\/h3>\n\n\n\n<p><\/p>\n\n\n\n<p>Nous pouvons utiliser des cookies pour stocker des informations (par exemple, vos pr\u00e9f\u00e9rences de navigation lorsque vous visitez notre site Web), afin d&rsquo;acc\u00e9l\u00e9rer et d&rsquo;am\u00e9liorer votre exp\u00e9rience de navigation sur le site Web. Cela peut inclure une simple fen\u00eatre contextuelle ou un lien vers divers services que nous fournissons.<\/p>\n\n\n\n<p>Le Client peut d\u00e9sactiver ses cookies dans les options de son navigateur ou en modifiant les outils du programme Anti-Virus. Cependant, cela peut changer la fa\u00e7on dont vous interagissez avec notre site Web ou d&rsquo;autres sites Web.<\/p>\n\n\n\n<h3 class=\"has-text-align-left wp-block-heading\">Liens vers des sites Web tiers<\/h3>\n\n\n\n<p><\/p>\n\n\n\n<p>Des hyperliens (links) peuvent \u00eatre disponibles dans la boutique en ligne ARTEFITA qui m\u00e8nent \u00e0 des sites externes. En cliquant sur ces hyperliens (links) vous ne serez plus sur le site internet d&rsquo;ARTEFITA et ARTEFITA n&rsquo;aura aucun contr\u00f4le sur les mouvements pouvant se produire sur ces sites internet, et ne pourra donc assumer la responsabilit\u00e9 de tout ce qui se passe en dehors de sa plateforme (site) .<\/p>\n\n\n\n<p><\/p>\n\n\n\n<h3 class=\"has-text-align-left wp-block-heading\">RGPD (R\u00e8glement G\u00e9n\u00e9ral sur la Protection des Donn\u00e9es)<\/h3>\n\n\n\n<p><\/p>\n\n\n\n<p>En soumettant l&rsquo;un de nos formulaires, vous donnez votre consentement expr\u00e8s et libre au traitement de vos donn\u00e9es par ARTEFITA. Vos donn\u00e9es ne seront trait\u00e9es qu&rsquo;\u00e0 des fins li\u00e9es \u00e0 la raison et \u00e0 la port\u00e9e exprim\u00e9es dans chaque formulaire.<\/p>\n\n\n\n<p>Vous pouvez \u00e0 tout moment acc\u00e9der \u00e0 vos donn\u00e9es, les rectifier, exercer votre droit \u00e0 l&rsquo;oubli, limiter leur traitement ou vous y opposer et \u00e9galement demander leur portabilit\u00e9 en nous contactant \u00e0 artefita@artefita.pt.<\/p>\n","protected":false},"excerpt":{"rendered":"<p>Les informations personnelles\/d&rsquo;identification collect\u00e9es ne seront utilis\u00e9es que par ARTEFITA et ne seront mises \u00e0 la disposition d&rsquo;aucune autre entit\u00e9. ARTEFITA peut utiliser ces donn\u00e9es pour des analyses statistiques, des campagnes marketing ou des newsletters. Lors d&rsquo;un achat sur la boutique en ligne ARTEFITA, nous collectons des informations sur l&rsquo;adresse de livraison, le num\u00e9ro fiscal&#8230;<\/p>\n","protected":false},"author":1,"featured_media":0,"parent":0,"menu_order":0,"comment_status":"closed","ping_status":"closed","template":"","meta":{"_kad_post_transparent":"","_kad_post_title":"","_kad_post_layout":"normal","_kad_post_sidebar_id":"","_kad_post_content_style":"boxed","_kad_post_vertical_padding":"","_kad_post_feature":"","_kad_post_feature_position":"","_kad_post_header":false,"_kad_post_footer":false,"slim_seo":{"title":"Pol\u00edtica de Privacidade - Artefita","description":"As informa\u00e7\u00f5es pessoais\/ de identifica\u00e7\u00e3o recolhidas apenas ser\u00e3o utilizadas pela ARTEFITA, n\u00e3o sendo disponibilizadas a qualquer outra entidade."},"footnotes":""},"aioseo_notices":[],"_links":{"self":[{"href":"https:\/\/www.artefita.pt\/fr\/wp-json\/wp\/v2\/pages\/4119"}],"collection":[{"href":"https:\/\/www.artefita.pt\/fr\/wp-json\/wp\/v2\/pages"}],"about":[{"href":"https:\/\/www.artefita.pt\/fr\/wp-json\/wp\/v2\/types\/page"}],"author":[{"embeddable":true,"href":"https:\/\/www.artefita.pt\/fr\/wp-json\/wp\/v2\/users\/1"}],"replies":[{"embeddable":true,"href":"https:\/\/www.artefita.pt\/fr\/wp-json\/wp\/v2\/comments?post=4119"}],"version-history":[{"count":26,"href":"https:\/\/www.artefita.pt\/fr\/wp-json\/wp\/v2\/pages\/4119\/revisions"}],"predecessor-version":[{"id":5704,"href":"https:\/\/www.artefita.pt\/fr\/wp-json\/wp\/v2\/pages\/4119\/revisions\/5704"}],"wp:attachment":[{"href":"https:\/\/www.artefita.pt\/fr\/wp-json\/wp\/v2\/media?parent=4119"}],"curies":[{"name":"wp","href":"https:\/\/api.w.org\/{rel}","templated":true}]}}