{"id":6664,"date":"2025-04-29T10:54:33","date_gmt":"2025-04-29T10:54:33","guid":{"rendered":"https:\/\/www.artefita.pt\/?page_id=6664"},"modified":"2025-04-29T10:55:55","modified_gmt":"2025-04-29T10:55:55","slug":"instrucoes-roquete50mmerg","status":"publish","type":"page","link":"https:\/\/www.artefita.pt\/en\/instrucoes-roquete50mmerg\/","title":{"rendered":"Instru\u00e7\u00f5es de Uso"},"content":{"rendered":"\n<h2 class=\"wp-block-heading\">Roquete Met\u00e1lico Ergon\u00f3mico 50mm<\/h2>\n\n\n<style>.wp-block-kadence-advancedgallery.kb-gallery-wrap-id-6664_543f0e-67{margin-top:0px;}.kb-gallery-id-6664_543f0e-67 .kadence-blocks-gallery-item .kb-gal-image-radius{border-radius:0px 0px 0px 0px;}<\/style><div class=\"kb-gallery-wrap-id-6664_543f0e-67 alignnone wp-block-kadence-advancedgallery\"><div class=\"kb-gallery-ul kb-gallery-non-static kb-gallery-type-slider kb-gallery-id-6664_543f0e-67 kb-gallery-caption-style-bottom-hover kb-gallery-filter-none\" data-image-filter=\"none\" data-lightbox-caption=\"true\"><div class=\"kt-blocks-carousel kt-carousel-container-dotstyle-outlinedark\"><div class=\"kt-blocks-carousel-init kb-blocks-slider kt-carousel-arrowstyle-whiteondark kt-carousel-dotstyle-outlinedark\" data-slider-anim-speed=\"400\" data-slider-scroll=\"1\" data-slider-arrows=\"true\" data-slider-fade=\"true\" data-slider-dots=\"true\"data-slider-type=\"slider\"  data-slider-hover-pause=\"false\" data-slider-auto=\"\" data-slider-speed=\"7000\"><div class=\"kb-slide-item kb-gallery-slide-item\"><div class=\"kadence-blocks-gallery-item\"><div class=\"kadence-blocks-gallery-item-inner\"><figure class=\"kb-gallery-figure kadence-blocks-gallery-item-hide-caption\"><div class=\"kb-gal-image-radius\" ><div class=\"kb-gallery-image-contain kadence-blocks-gallery-intrinsic kb-gallery-image-ratio-inherit kb-has-image-ratio-inherit\" ><img decoding=\"async\" loading=\"lazy\" src=\"https:\/\/www.artefita.pt\/wp-content\/uploads\/2025\/04\/1-Roquete-50mm-ERG.jpg\" width=\"1024\" height=\"768\" alt=\"1 Roquete 50mm Erg\" data-full-image=\"https:\/\/www.artefita.pt\/wp-content\/uploads\/2025\/04\/1-Roquete-50mm-ERG.jpg\" data-light-image=\"https:\/\/www.artefita.pt\/wp-content\/uploads\/2025\/04\/1-Roquete-50mm-ERG.jpg\" data-id=\"6665\" class=\"wp-image-6665 skip-lazy\" srcset=\"https:\/\/www.artefita.pt\/wp-content\/uploads\/2025\/04\/1-Roquete-50mm-ERG.jpg 1024w, https:\/\/www.artefita.pt\/wp-content\/uploads\/2025\/04\/1-Roquete-50mm-ERG-300x225.jpg 300w, https:\/\/www.artefita.pt\/wp-content\/uploads\/2025\/04\/1-Roquete-50mm-ERG-768x576.jpg 768w\" sizes=\"(max-width: 1024px) 100vw, 1024px\" \/><\/div><\/div><\/figure><\/div><\/div><\/div><div class=\"kb-slide-item kb-gallery-slide-item\"><div class=\"kadence-blocks-gallery-item\"><div class=\"kadence-blocks-gallery-item-inner\"><figure class=\"kb-gallery-figure kadence-blocks-gallery-item-hide-caption\"><div class=\"kb-gal-image-radius\" ><div class=\"kb-gallery-image-contain kadence-blocks-gallery-intrinsic kb-gallery-image-ratio-inherit kb-has-image-ratio-inherit\" ><img decoding=\"async\" loading=\"lazy\" src=\"https:\/\/www.artefita.pt\/wp-content\/uploads\/2025\/04\/2-Roquete-50mm-ERG.jpg\" width=\"1024\" height=\"777\" alt=\"2 Roquete 50mm Erg\" data-full-image=\"https:\/\/www.artefita.pt\/wp-content\/uploads\/2025\/04\/2-Roquete-50mm-ERG.jpg\" data-light-image=\"https:\/\/www.artefita.pt\/wp-content\/uploads\/2025\/04\/2-Roquete-50mm-ERG.jpg\" data-id=\"6666\" class=\"wp-image-6666 skip-lazy\" srcset=\"https:\/\/www.artefita.pt\/wp-content\/uploads\/2025\/04\/2-Roquete-50mm-ERG.jpg 1024w, https:\/\/www.artefita.pt\/wp-content\/uploads\/2025\/04\/2-Roquete-50mm-ERG-300x228.jpg 300w, https:\/\/www.artefita.pt\/wp-content\/uploads\/2025\/04\/2-Roquete-50mm-ERG-768x583.jpg 768w\" sizes=\"(max-width: 1024px) 100vw, 1024px\" \/><\/div><\/div><\/figure><\/div><\/div><\/div><div class=\"kb-slide-item kb-gallery-slide-item\"><div class=\"kadence-blocks-gallery-item\"><div class=\"kadence-blocks-gallery-item-inner\"><figure class=\"kb-gallery-figure kadence-blocks-gallery-item-hide-caption\"><div class=\"kb-gal-image-radius\" ><div class=\"kb-gallery-image-contain kadence-blocks-gallery-intrinsic kb-gallery-image-ratio-inherit kb-has-image-ratio-inherit\" ><img decoding=\"async\" loading=\"lazy\" src=\"https:\/\/www.artefita.pt\/wp-content\/uploads\/2025\/04\/3-Roquete-50mm-ERG.jpg\" width=\"1024\" height=\"789\" alt=\"3 Roquete 50mm Erg\" data-full-image=\"https:\/\/www.artefita.pt\/wp-content\/uploads\/2025\/04\/3-Roquete-50mm-ERG.jpg\" data-light-image=\"https:\/\/www.artefita.pt\/wp-content\/uploads\/2025\/04\/3-Roquete-50mm-ERG.jpg\" data-id=\"6667\" class=\"wp-image-6667 skip-lazy\" srcset=\"https:\/\/www.artefita.pt\/wp-content\/uploads\/2025\/04\/3-Roquete-50mm-ERG.jpg 1024w, https:\/\/www.artefita.pt\/wp-content\/uploads\/2025\/04\/3-Roquete-50mm-ERG-300x231.jpg 300w, https:\/\/www.artefita.pt\/wp-content\/uploads\/2025\/04\/3-Roquete-50mm-ERG-768x592.jpg 768w\" sizes=\"(max-width: 1024px) 100vw, 1024px\" \/><\/div><\/div><\/figure><\/div><\/div><\/div><div class=\"kb-slide-item kb-gallery-slide-item\"><div class=\"kadence-blocks-gallery-item\"><div class=\"kadence-blocks-gallery-item-inner\"><figure class=\"kb-gallery-figure kadence-blocks-gallery-item-hide-caption\"><div class=\"kb-gal-image-radius\" ><div class=\"kb-gallery-image-contain kadence-blocks-gallery-intrinsic kb-gallery-image-ratio-inherit kb-has-image-ratio-inherit\" ><img decoding=\"async\" loading=\"lazy\" src=\"https:\/\/www.artefita.pt\/wp-content\/uploads\/2025\/04\/4-Roquete-50mm-ERG.jpg\" width=\"1024\" height=\"768\" alt=\"4 Roquete 50mm Erg\" data-full-image=\"https:\/\/www.artefita.pt\/wp-content\/uploads\/2025\/04\/4-Roquete-50mm-ERG.jpg\" data-light-image=\"https:\/\/www.artefita.pt\/wp-content\/uploads\/2025\/04\/4-Roquete-50mm-ERG.jpg\" data-id=\"6668\" class=\"wp-image-6668 skip-lazy\" srcset=\"https:\/\/www.artefita.pt\/wp-content\/uploads\/2025\/04\/4-Roquete-50mm-ERG.jpg 1024w, https:\/\/www.artefita.pt\/wp-content\/uploads\/2025\/04\/4-Roquete-50mm-ERG-300x225.jpg 300w, https:\/\/www.artefita.pt\/wp-content\/uploads\/2025\/04\/4-Roquete-50mm-ERG-768x576.jpg 768w\" sizes=\"(max-width: 1024px) 100vw, 1024px\" \/><\/div><\/div><\/figure><\/div><\/div><\/div><div class=\"kb-slide-item kb-gallery-slide-item\"><div class=\"kadence-blocks-gallery-item\"><div class=\"kadence-blocks-gallery-item-inner\"><figure class=\"kb-gallery-figure kadence-blocks-gallery-item-hide-caption\"><div class=\"kb-gal-image-radius\" ><div class=\"kb-gallery-image-contain kadence-blocks-gallery-intrinsic kb-gallery-image-ratio-inherit kb-has-image-ratio-inherit\" ><img decoding=\"async\" loading=\"lazy\" src=\"https:\/\/www.artefita.pt\/wp-content\/uploads\/2025\/04\/5-Roquete-50mm-ERG.jpg\" width=\"1024\" height=\"768\" alt=\"5 Roquete 50mm Erg\" data-full-image=\"https:\/\/www.artefita.pt\/wp-content\/uploads\/2025\/04\/5-Roquete-50mm-ERG.jpg\" data-light-image=\"https:\/\/www.artefita.pt\/wp-content\/uploads\/2025\/04\/5-Roquete-50mm-ERG.jpg\" data-id=\"6669\" class=\"wp-image-6669 skip-lazy\" srcset=\"https:\/\/www.artefita.pt\/wp-content\/uploads\/2025\/04\/5-Roquete-50mm-ERG.jpg 1024w, https:\/\/www.artefita.pt\/wp-content\/uploads\/2025\/04\/5-Roquete-50mm-ERG-300x225.jpg 300w, https:\/\/www.artefita.pt\/wp-content\/uploads\/2025\/04\/5-Roquete-50mm-ERG-768x576.jpg 768w\" sizes=\"(max-width: 1024px) 100vw, 1024px\" \/><\/div><\/div><\/figure><\/div><\/div><\/div><div class=\"kb-slide-item kb-gallery-slide-item\"><div class=\"kadence-blocks-gallery-item\"><div class=\"kadence-blocks-gallery-item-inner\"><figure class=\"kb-gallery-figure kadence-blocks-gallery-item-hide-caption\"><div class=\"kb-gal-image-radius\" ><div class=\"kb-gallery-image-contain kadence-blocks-gallery-intrinsic kb-gallery-image-ratio-inherit kb-has-image-ratio-inherit\" ><img decoding=\"async\" loading=\"lazy\" src=\"https:\/\/www.artefita.pt\/wp-content\/uploads\/2025\/04\/6-Roquete-50mm-ERG.jpg\" width=\"1024\" height=\"768\" alt=\"6 Roquete 50mm Erg\" data-full-image=\"https:\/\/www.artefita.pt\/wp-content\/uploads\/2025\/04\/6-Roquete-50mm-ERG.jpg\" data-light-image=\"https:\/\/www.artefita.pt\/wp-content\/uploads\/2025\/04\/6-Roquete-50mm-ERG.jpg\" data-id=\"6670\" class=\"wp-image-6670 skip-lazy\" srcset=\"https:\/\/www.artefita.pt\/wp-content\/uploads\/2025\/04\/6-Roquete-50mm-ERG.jpg 1024w, https:\/\/www.artefita.pt\/wp-content\/uploads\/2025\/04\/6-Roquete-50mm-ERG-300x225.jpg 300w, https:\/\/www.artefita.pt\/wp-content\/uploads\/2025\/04\/6-Roquete-50mm-ERG-768x576.jpg 768w\" sizes=\"(max-width: 1024px) 100vw, 1024px\" \/><\/div><\/div><\/figure><\/div><\/div><\/div><div class=\"kb-slide-item kb-gallery-slide-item\"><div class=\"kadence-blocks-gallery-item\"><div class=\"kadence-blocks-gallery-item-inner\"><figure class=\"kb-gallery-figure kadence-blocks-gallery-item-hide-caption\"><div class=\"kb-gal-image-radius\" ><div class=\"kb-gallery-image-contain kadence-blocks-gallery-intrinsic kb-gallery-image-ratio-inherit kb-has-image-ratio-inherit\" ><img decoding=\"async\" loading=\"lazy\" src=\"https:\/\/www.artefita.pt\/wp-content\/uploads\/2025\/04\/7-Roquete-50mm-ERG.jpg\" width=\"1024\" height=\"768\" alt=\"7 Roquete 50mm Erg\" data-full-image=\"https:\/\/www.artefita.pt\/wp-content\/uploads\/2025\/04\/7-Roquete-50mm-ERG.jpg\" data-light-image=\"https:\/\/www.artefita.pt\/wp-content\/uploads\/2025\/04\/7-Roquete-50mm-ERG.jpg\" data-id=\"6671\" class=\"wp-image-6671 skip-lazy\" srcset=\"https:\/\/www.artefita.pt\/wp-content\/uploads\/2025\/04\/7-Roquete-50mm-ERG.jpg 1024w, https:\/\/www.artefita.pt\/wp-content\/uploads\/2025\/04\/7-Roquete-50mm-ERG-300x225.jpg 300w, https:\/\/www.artefita.pt\/wp-content\/uploads\/2025\/04\/7-Roquete-50mm-ERG-768x576.jpg 768w\" sizes=\"(max-width: 1024px) 100vw, 1024px\" \/><\/div><\/div><\/figure><\/div><\/div><\/div><\/div><\/div><\/div><\/div>","protected":false},"excerpt":{"rendered":"<p>Roquete Met\u00e1lico Ergon\u00f3mico 50mm<\/p>\n","protected":false},"author":1,"featured_media":0,"parent":0,"menu_order":0,"comment_status":"closed","ping_status":"closed","template":"","meta":{"_kad_post_transparent":"","_kad_post_title":"","_kad_post_layout":"","_kad_post_sidebar_id":"","_kad_post_content_style":"","_kad_post_vertical_padding":"","_kad_post_feature":"","_kad_post_feature_position":"","_kad_post_header":false,"_kad_post_footer":false,"slim_seo":{"title":"Instru\u00e7\u00f5es de Uso: Roquete 50mm ERG","description":"Instru\u00e7\u00f5es de como usar corretamente os nossos Roquetes de 50mm ERG"},"footnotes":""},"aioseo_notices":[],"_links":{"self":[{"href":"https:\/\/www.artefita.pt\/en\/wp-json\/wp\/v2\/pages\/6664"}],"collection":[{"href":"https:\/\/www.artefita.pt\/en\/wp-json\/wp\/v2\/pages"}],"about":[{"href":"https:\/\/www.artefita.pt\/en\/wp-json\/wp\/v2\/types\/page"}],"author":[{"embeddable":true,"href":"https:\/\/www.artefita.pt\/en\/wp-json\/wp\/v2\/users\/1"}],"replies":[{"embeddable":true,"href":"https:\/\/www.artefita.pt\/en\/wp-json\/wp\/v2\/comments?post=6664"}],"version-history":[{"count":1,"href":"https:\/\/www.artefita.pt\/en\/wp-json\/wp\/v2\/pages\/6664\/revisions"}],"predecessor-version":[{"id":6672,"href":"https:\/\/www.artefita.pt\/en\/wp-json\/wp\/v2\/pages\/6664\/revisions\/6672"}],"wp:attachment":[{"href":"https:\/\/www.artefita.pt\/en\/wp-json\/wp\/v2\/media?parent=6664"}],"curies":[{"name":"wp","href":"https:\/\/api.w.org\/{rel}","templated":true}]}}