{"id":6439,"date":"2025-03-28T16:23:43","date_gmt":"2025-03-28T16:23:43","guid":{"rendered":"https:\/\/www.artefita.pt\/?page_id=6439"},"modified":"2025-12-04T14:58:20","modified_gmt":"2025-12-04T14:58:20","slug":"equipa","status":"publish","type":"page","link":"https:\/\/www.artefita.pt\/de\/equipa\/","title":{"rendered":"Unser Team"},"content":{"rendered":"<style>.kb-row-layout-wrap.wp-block-kadence-rowlayout.kb-row-layout-id6439_6ba7ea-7a{margin-top:0px;margin-bottom:0px;}.kb-row-layout-id6439_6ba7ea-7a > .kt-row-column-wrap{align-content:center;}:where(.kb-row-layout-id6439_6ba7ea-7a > .kt-row-column-wrap) > .wp-block-kadence-column{justify-content:center;}.kb-row-layout-id6439_6ba7ea-7a > .kt-row-column-wrap{column-gap:var(--global-kb-gap-none, 0 );row-gap:var(--global-kb-gap-none, 0 );max-width:1412px;margin-left:auto;margin-right:auto;padding-top:0px;padding-right:0px;padding-bottom:0px;padding-left:0px;min-height:400px;grid-template-columns:minmax(0, 1fr);}.kb-row-layout-id6439_6ba7ea-7a{background-color:#10151b;background-image:url('https:\/\/www.artefita.pt\/wp-content\/uploads\/2025\/03\/20240312-Artefita-203-scaled.jpg');background-size:cover;background-position:54% 50%;background-attachment:fixed;background-repeat:no-repeat;}.kb-row-layout-id6439_6ba7ea-7a > .kt-row-layout-overlay{opacity:1;}@media all and (max-width: 1024px){.kb-row-layout-id6439_6ba7ea-7a > .kt-row-column-wrap{padding-right:100px;padding-left:100px;grid-template-columns:minmax(0, 1fr);}}@media all and (max-width: 767px){.kb-row-layout-id6439_6ba7ea-7a > .kt-row-column-wrap{padding-top:0px;padding-right:30px;padding-bottom:0px;padding-left:30px;grid-template-columns:minmax(0, 1fr);}.kb-row-layout-id6439_6ba7ea-7a > .kt-row-column-wrap > .wp-block-kadence-column:nth-child(1){order:1;}.kb-row-layout-id6439_6ba7ea-7a > .kt-row-column-wrap > .wp-block-kadence-column:nth-child(2){order:11;}.kb-row-layout-id6439_6ba7ea-7a > .kt-row-column-wrap > .wp-block-kadence-column:nth-child(3){order:21;}.kb-row-layout-id6439_6ba7ea-7a > .kt-row-column-wrap > .wp-block-kadence-column:nth-child(4){order:31;}}<\/style><div style=\"background-image: url(https:\/\/www.artefita.pt\/wp-content\/uploads\/2025\/03\/20240312-Artefita-203-scaled.jpg);\" class=\"kb-row-layout-wrap kb-row-layout-id6439_6ba7ea-7a alignnone kt-row-has-bg kt-jarallax wp-block-kadence-rowlayout\"><div class=\"kt-row-column-wrap kt-has-1-columns kt-row-layout-equal kt-tab-layout-inherit kt-mobile-layout-row kt-row-valign-middle\">\n<style>.kadence-column6439_67051b-35 > .kt-inside-inner-col{padding-top:0px;padding-right:0px;padding-bottom:0px;padding-left:30px;}.kadence-column6439_67051b-35 > .kt-inside-inner-col,.kadence-column6439_67051b-35 > .kt-inside-inner-col:before{border-top-left-radius:0px;border-top-right-radius:0px;border-bottom-right-radius:0px;border-bottom-left-radius:0px;}.kadence-column6439_67051b-35 > .kt-inside-inner-col:before{opacity:0.3;}.kadence-column6439_67051b-35{position:relative;}@media all and (max-width: 767px){.kadence-column6439_67051b-35 > .kt-inside-inner-col{padding-top:0px;padding-right:0px;padding-bottom:0px;padding-left:0px;}}<\/style>\n<div class=\"wp-block-kadence-column kadence-column6439_67051b-35 inner-column-1\"><div class=\"kt-inside-inner-col\"><style>.wp-block-kadence-advancedheading.kt-adv-heading6439_d05f94-81, .wp-block-kadence-advancedheading.kt-adv-heading6439_d05f94-81[data-kb-block=\"kb-adv-heading6439_d05f94-81\"]{padding-bottom:20px;text-align:center;line-height:65px;font-style:normal;}.wp-block-kadence-advancedheading.kt-adv-heading6439_d05f94-81 mark, .wp-block-kadence-advancedheading.kt-adv-heading6439_d05f94-81[data-kb-block=\"kb-adv-heading6439_d05f94-81\"] mark{font-style:normal;color:#f76a0c;padding-top:0px;padding-right:0px;padding-bottom:0px;padding-left:0px;}<\/style>\n<h1 class=\"kt-adv-heading6439_d05f94-81 wp-block-kadence-advancedheading has-theme-palette-9-color has-text-color\" data-kb-block=\"kb-adv-heading6439_d05f94-81\">Unser Team<\/h1>\n<\/div><\/div>\n\n<\/div><\/div>\n\n\n<!DOCTYPE html>\n<html lang=\"pt\">\n<head>\n  <meta charset=\"UTF-8\" \/>\n  <meta name=\"viewport\" content=\"width=device-width, initial-scale=1.0\" \/>\n  <title>Meet The Team &#8211; ARTEFITA<\/title>\n  <style>\n    body {\n      font-family: Arial, sans-serif;\n      margin: 0;\n      padding: 0;\n      background-color: #f4f4f4;\n      text-align: center;\n    }\n\n    .team-container {\n      display: grid;\n      grid-template-columns: repeat(3, 1fr);\n      gap: 20px;\n      padding: 40px;\n      max-width: 1000px;\n      margin: auto;\n    }\n\n    .team-member {\n      background: white;\n      border-radius: 10px;\n      box-shadow: 0 4px 8px rgba(0, 0, 0, 0.1);\n      padding: 20px;\n      text-align: center;\n      display: flex;\n      flex-direction: column;\n      align-items: center;\n      position: relative;\n      overflow: hidden;\n    }\n\n    .team-member img {\n      width: 200px;\n      height: 200px;\n      border-radius: 50%;\n      object-fit: cover;\n    }\n\n    .team-member h3 {\n      margin: 10px 0 5px;\n      font-size: 18px;\n      font-weight: bold;\n    }\n\n    .team-member p {\n      margin: 0;\n      color: #777;\n      font-size: 14px;\n      font-weight: normal;\n    }\n\n    .team-member .more-info {\n      display: none;\n      position: absolute;\n      top: 0;\n      left: 0;\n      width: 100%;\n      height: 100%;\n      background-color: rgba(22, 22, 22, 0.85);\n      color: white;\n      text-align: center;\n      padding: 20px;\n      box-sizing: border-box;\n      overflow-y: auto;\n      opacity: 0;\n      transition: opacity 0.3s ease;\n      z-index: 1;\n    }\n\n    .team-member:hover .more-info {\n      display: block;\n      opacity: 1;\n    }\n\n    .team-member .more-info h4,\n    .team-member .more-info p {\n      color: white;\n      font-weight: normal;\n      font-size: 14px;\n    }\n\n    \/* Tablets *\/\n    @media (max-width: 1024px) {\n      .team-container {\n        grid-template-columns: repeat(2, 1fr);\n        padding: 20px;\n      }\n\n      .team-member img {\n        width: 150px;\n        height: 150px;\n      }\n\n      .team-member .more-info {\n        padding: 15px;\n        font-size: 13px;\n      }\n    }\n\n    \/* Mobile *\/\n    @media (max-width: 768px) {\n      .team-container {\n        grid-template-columns: 1fr;\n        padding: 20px 10px;\n      }\n\n      .team-member {\n        padding: 15px;\n      }\n\n      .team-member img {\n        width: 120px;\n        height: 120px;\n      }\n\n      .team-member h3 {\n        font-size: 16px;\n      }\n\n      .team-member p {\n        font-size: 13px;\n      }\n\n      .team-member .more-info {\n        padding: 15px;\n        font-size: 13px;\n      }\n    }\n  <\/style>\n<\/head>\n<body>\n    <div class=\"team-container\">\n        <div class=\"team-member\">\n            <img decoding=\"async\" src=\"https:\/\/www.artefita.pt\/wp-content\/uploads\/2025\/03\/Teste_Gonzaga-01.jpg\" alt=\"equipa - Gonzaga Oliveira\">\n            <h3>Gonzaga Oliveira<\/h3>\n            <p>Kommerziell<\/p>\n            <div class=\"more-info\">\n                <h4>Gonzaga Oliveira<\/h4>\n                <p>Ich bin f\u00fcr die Entwicklung der kaufm\u00e4nnischen Strategie des Unternehmens, die Festlegung von Zielen und die Sicherstellung der Zielerreichung verantwortlich. Die Gewinnung, Bindung und Erweiterung des Kundenstamms stehen im Mittelpunkt meiner t\u00e4glichen Arbeit. Die Katze beruhigt mich und der Fu\u00dfball l\u00e4dt meine Batterien wieder auf.<\/p>\n            <\/div>\n        <\/div>\n\n        <div class=\"team-member\">\n            <img decoding=\"async\" src=\"https:\/\/www.artefita.pt\/wp-content\/uploads\/2025\/04\/Teste_Joao-Pedro-01.png\" alt=\"equipa - Jo\u00e3o Pedro\">\n            <h3>Jo\u00e3o Pedro<\/h3>\n            <p>Buchhaltung<\/p>\n            <div class=\"more-info\">\n                <h4>Jo\u00e3o Pedro<\/h4>\n                <p>Ich bin seit 26 Jahren in der Buchhaltung t\u00e4tig und bringe meine Erfahrung in die Organisation und das Management von Prozessen ein. In meiner Freizeit bin ich Volleyball-Schiedsrichter, eine T\u00e4tigkeit, die mich vor Herausforderungen stellt und mir die M\u00f6glichkeit bietet, unparteiische Entscheidungen zu treffen.<\/p>\n            <\/div>\n        <\/div>\n\n        <div class=\"team-member\">\n            <img decoding=\"async\" src=\"https:\/\/www.artefita.pt\/wp-content\/uploads\/2025\/04\/Teste_Abel-01-01.png\" alt=\"equipa - Abel Vieira\">\n            <h3>Abel Vieira<\/h3>\n            <p>Planung<\/p>\n            <div class=\"more-info\">\n                <h4>Abel Vieira<\/h4>\n                <p>Mit 10 Jahren Erfahrung im Unternehmen habe ich verschiedene Funktionen in verschiedenen Bereichen ausge\u00fcbt, wodurch ich mir fundierte Kenntnisse \u00fcber die Organisation aneignen konnte. Derzeit bin ich f\u00fcr die Produktionsplanung verantwortlich und bem\u00fche mich um eine enge Kommunikation mit den Kunden, stets mit Professionalit\u00e4t und Engagement.<\/p>\n            <\/div>\n        <\/div>\n\n        <div class=\"team-member\">\n            <img decoding=\"async\" src=\"https:\/\/www.artefita.pt\/wp-content\/uploads\/2025\/04\/Teste-Ze-Pinto-01.png\" alt=\"equipa - Jos\u00e9 Pinto\">\n            <h3>Jos\u00e9 Pinto<\/h3>\n            <p>Qualit\u00e4t<\/p>\n            <div class=\"more-info\">\n                <h4>Jos\u00e9 Pinto<\/h4>\n                <p>Ich bin Teil dieses Teams und f\u00f6rdere eine Kultur, in der Qualit\u00e4t \u00fcber die Einhaltung von Vorschriften hinausgeht und sich in der Art und Weise widerspiegelt, wie wir jeden Tag hervorragende Leistungen f\u00fcr diejenigen erbringen, die uns vertrauen.<\/p>\n            <\/div>\n        <\/div>\n\n        <div class=\"team-member\">\n            <img decoding=\"async\" src=\"https:\/\/www.artefita.pt\/wp-content\/uploads\/2025\/04\/teste-paula-3-01.png\" alt=\"equipa - Paula Santos\">\n            <h3>Paula Santos<\/h3>\n            <p>Qualit\u00e4t<\/p>\n            <div class=\"more-info\">\n                <h4>Paula Santos<\/h4>\n                <p>Mein Ziel ist es, daf\u00fcr zu sorgen, dass die gesetzlichen Standards eingehalten werden, um Produktkonformit\u00e4t und Kundenzufriedenheit zu gew\u00e4hrleisten. Als Mutter finde ich meine Motivation in der strikten Erf\u00fcllung der Anforderungen, damit die Sicherheit nie gef\u00e4hrdet wird.<\/p>\n            <\/div>\n        <\/div>\n\n        <div class=\"team-member\">\n            <img decoding=\"async\" src=\"https:\/\/www.artefita.pt\/wp-content\/uploads\/2025\/04\/Teste_judite3-01.png\" alt=\"equipa - Judite Relvas\">\n            <h3>Judite Relvas<\/h3>\n            <p>Qualit\u00e4t<\/p>\n            <div class=\"more-info\">\n                <h4>Judite Relvas<\/h4>\n                <p>Bei Artefita ist es mein Ziel, daf\u00fcr zu sorgen, dass die Prozesse und Produkte immer konform sind und die Qualit\u00e4t haben, die wir verlangen. Inspiration finde ich beim Reisen, das mir neue Ideen und Perspektiven bringt.<\/p>\n            <\/div>\n        <\/div>\n\n        <div class=\"team-member\">\n            <img decoding=\"async\" src=\"https:\/\/www.artefita.pt\/wp-content\/uploads\/2025\/04\/Bernardo-01.png\" alt=\"equipa - Bernardo Cartolano\">\n            <h3>Bernardo Cartolano<\/h3>\n            <p>Procurement<\/p>\n            <div class=\"more-info\">\n                <h4>Bernardo Cartolano<\/h4>\n                <p>Mit 26 Jahren Erfahrung in den Bereichen Lieferkette und Beschaffung bin ich ergebnisorientiert und begeistere mich f\u00fcr Datenanalysen. Meine Hauptaufgaben sind Lieferantenmanagement, Einkauf und Logistik. Ich bin sehr familienorientiert, mit einer Leidenschaft f\u00fcr Off-Road-Fahrten und Reisen.<\/p>\n            <\/div>\n        <\/div>\n\n        <div class=\"team-member\">\n            <img decoding=\"async\" src=\"https:\/\/www.artefita.pt\/wp-content\/uploads\/2025\/04\/Teste_Mariana-01.png\" alt=\"equipa - Mariana Costa\">\n            <h3>Mariana Costa<\/h3>\n            <p>Einkauf<\/p>\n            <div class=\"more-info\">\n                <h4>Mariana Costa<\/h4>\n                <p>Mit der Verantwortung f\u00fcr die Verwaltung von Einkaufs- und Lagerprozessen bietet eine 10-j\u00e4hrige Karriere in renommierten Unternehmen Wissen, mit Schwerpunkt auf Beziehungen zu Lieferanten. Ich liebe das Leben auf dem Lande, das mich im Gleichgewicht h\u00e4lt und praktiziere el dolce far niente.<\/p>\n            <\/div>\n        <\/div>\n\n        <div class=\"team-member\">\n            <img decoding=\"async\" src=\"https:\/\/www.artefita.pt\/wp-content\/uploads\/2025\/04\/Teste_Catarina-01.png\" alt=\"equipa - Catarina Antunes\">\n            <h3>Catarina Antunes<\/h3>\n            <p>Einkauf<\/p>\n            <div class=\"more-info\">\n                <h4>Catarina Antunes<\/h4>\n                <p>Ich bin Einkaufsassistentin bei Artefita und meine Aufgabe besteht darin, die Einkaufsprozesse zu unterst\u00fctzen, die Beziehungen zu den Lieferanten zu pflegen und den reibungslosen Ablauf in unserem Team zu gew\u00e4hrleisten. Au\u00dferhalb der Arbeit koche ich gerne, was mich kreativ h\u00e4lt!<\/p>\n            <\/div>\n        <\/div>\n\n        <div class=\"team-member\">\n            <img decoding=\"async\" src=\"https:\/\/www.artefita.pt\/wp-content\/uploads\/2025\/04\/teste-tiago-3-01.png\" alt=\"equipa - Tiago Silva\">\n            <h3>Tiago Silva<\/h3>\n            <p>Marketing &#038; E-Commerce<\/p>\n            <div class=\"more-info\">\n                <h4>Tiago Silva<\/h4>\n                <p>Ich bin f\u00fcr das Marketing, den E-Commerce und die Kommunikation des Unternehmens verantwortlich, immer mit dem Ziel, unsere Marke auf dem Markt zu st\u00e4rken. Ich lerne leidenschaftlich gerne die Welt und den Sport im Allgemeinen kennen, da ich seit 4 Jahren Leistungssportlerin im Padel bin.<\/p>\n            <\/div>\n        <\/div>\n\n        <div class=\"team-member\">\n            <img decoding=\"async\" src=\"https:\/\/www.artefita.pt\/wp-content\/uploads\/2025\/04\/Teste_PedroSa-01.png\" alt=\"equipa - Pedro S\u00e1\">\n            <h3>Pedro S\u00e1<\/h3>\n            <p>Design &#038; Entwicklung<\/p>\n            <div class=\"more-info\">\n                <h4>Pedro S\u00e1<\/h4>\n                <p>Ich bin immer bereit, mein Know-how f\u00fcr neue M\u00f6glichkeiten einzusetzen.<\/p>\n            <\/div>\n        <\/div>\n\n        <div class=\"team-member\">\n            <img decoding=\"async\" src=\"https:\/\/www.artefita.pt\/wp-content\/uploads\/2025\/04\/teste-leandro-01.png\" alt=\"equipa - Leandro S\u00e1\">\n            <h3>Leandro S\u00e1<\/h3>\n            <p>Design &#038; Entwicklung<\/p>\n            <div class=\"more-info\">\n                <h4>Leandro S\u00e1<\/h4>\n                <p>Bei ARTEFITA ist es meine Aufgabe, technische Dokumentationen zu erstellen und st\u00e4ndig nach neuen Materialien und Techniken f\u00fcr die Verwendung in Produkten zu suchen. Als Hobby experimentiere ich gerne mit neuen Rezepten und Kochtechniken.<\/p>\n            <\/div>\n        <\/div>\n\n        <div class=\"team-member\">\n            <img decoding=\"async\" src=\"https:\/\/www.artefita.pt\/wp-content\/uploads\/2025\/04\/Teste_Lucas-01.png\" alt=\"equipa - Lucas Vidal\">\n            <h3>Lucas Vidal<\/h3>\n            <p>Logistik<\/p>\n            <div class=\"more-info\">\n                <h4>Lucas Vidal<\/h4>\n                <p>Ich sorge daf\u00fcr, dass die logistischen Abl\u00e4ufe reibungslos funktionieren und garantiere jedem Kunden den besten Transport zu den niedrigstm\u00f6glichen Kosten bei gleichbleibender Servicequalit\u00e4t. In meiner Freizeit treffe ich mich gerne mit Freunden zum Essen und Trinken.<\/p>\n            <\/div>\n        <\/div>\n\n        <div class=\"team-member\">\n            <img decoding=\"async\" src=\"https:\/\/www.artefita.pt\/wp-content\/uploads\/2025\/04\/teste_BeatrizV2-01.png\" alt=\"equipa - Beatriz Silva\">\n            <h3>Beatriz Silva<\/h3>\n            <p>Willkommen<\/p>\n            <div class=\"more-info\">\n                <h4>Beatriz Silva<\/h4>\n                <p>Ich bin die erste Anlaufstelle f\u00fcr alle, die bei ARTEFITA anrufen oder uns besuchen, und bin f\u00fcr den Empfang zust\u00e4ndig. Meine Leidenschaft gilt auch der Musik, die ich seit meinem sechsten Lebensjahr spiele und die eine meiner gr\u00f6\u00dften Inspirationsquellen ist.<\/p>\n            <\/div>\n        <\/div>\n    <\/div>\n<\/body>\n<\/html>\n\n\n\n<hr class=\"wp-block-separator aligncenter has-text-color has-theme-palette-1-color has-alpha-channel-opacity has-theme-palette-1-background-color has-background is-style-default\"\/>\n\n\n<style>.kb-row-layout-id6439_4f1c4c-57 > .kt-row-column-wrap{align-content:start;}:where(.kb-row-layout-id6439_4f1c4c-57 > .kt-row-column-wrap) > .wp-block-kadence-column{justify-content:start;}.kb-row-layout-id6439_4f1c4c-57 > .kt-row-column-wrap{column-gap:0px;row-gap:37px;max-width:var( --global-content-width, 1290px );padding-left:var(--global-content-edge-padding);padding-right:var(--global-content-edge-padding);padding-top:var(--global-kb-spacing-sm, 1.5rem);padding-bottom:var(--global-kb-spacing-sm, 1.5rem);grid-template-columns:minmax(0, 50%) minmax(0, 50%);}.kb-row-layout-id6439_4f1c4c-57 > .kt-row-layout-overlay{opacity:0.30;}.kb-row-layout-id6439_4f1c4c-57 .kt-row-layout-top-sep{height:28px;}.kb-row-layout-id6439_4f1c4c-57 .kt-row-layout-top-sep svg{fill:#ffffff!important;}@media all and (max-width: 1024px){.kb-row-layout-id6439_4f1c4c-57 > .kt-row-column-wrap{grid-template-columns:repeat(2, minmax(0, 1fr));}}@media all and (max-width: 767px){.kb-row-layout-id6439_4f1c4c-57 > .kt-row-column-wrap{grid-template-columns:minmax(0, 1fr);}}<\/style><div class=\"kb-row-layout-wrap kb-row-layout-id6439_4f1c4c-57 alignnone wp-block-kadence-rowlayout\"><div class=\"kt-row-column-wrap kt-has-2-columns kt-row-layout-equal kt-tab-layout-inherit kt-mobile-layout-row kt-row-valign-top kb-theme-content-width\">\n<style>.kadence-column6439_76387e-cf, .kt-inside-inner-col > .kadence-column6439_76387e-cf:not(.specificity){margin-top:0px;margin-right:0px;margin-bottom:0px;margin-left:var(--global-kb-spacing-5xl, 10rem);}.kadence-column6439_76387e-cf > .kt-inside-inner-col{padding-left:0px;}.kadence-column6439_76387e-cf > .kt-inside-inner-col{border-top:0px dashed transparent;border-right:0px dashed transparent;border-bottom:0px dashed transparent;border-left:0px dashed transparent;}.kadence-column6439_76387e-cf > .kt-inside-inner-col,.kadence-column6439_76387e-cf > .kt-inside-inner-col:before{border-top-left-radius:0px;border-top-right-radius:0px;border-bottom-right-radius:0px;border-bottom-left-radius:0px;}.kadence-column6439_76387e-cf > .kt-inside-inner-col:before{opacity:0.3;}.kadence-column6439_76387e-cf{position:relative;}@media all and (max-width: 1024px){.kadence-column6439_76387e-cf > .kt-inside-inner-col{border-top:0px dashed transparent;border-right:0px dashed transparent;border-bottom:0px dashed transparent;border-left:0px dashed transparent;}}@media all and (max-width: 767px){.kadence-column6439_76387e-cf > .kt-inside-inner-col{border-top:0px dashed transparent;border-right:0px dashed transparent;border-bottom:0px dashed transparent;border-left:0px dashed transparent;}}<\/style>\n<div class=\"wp-block-kadence-column kadence-column6439_76387e-cf\"><div class=\"kt-inside-inner-col\"><div class=\"wp-block-image is-style-default\">\n<figure class=\"aligncenter size-large is-resized\"><img decoding=\"async\" loading=\"lazy\" width=\"1024\" height=\"1024\" src=\"https:\/\/www.artefita.pt\/wp-content\/uploads\/2025\/04\/255854270_5e6d597e-7432-4d37-839f-b3e2c87d8a2e_Users-Group-of-Three-1-1024x1024.png\" alt=\"ARTEFITA - Team\" class=\"wp-image-6512\" style=\"aspect-ratio:1.3333333333333333;object-fit:cover;width:314px;height:auto\" srcset=\"https:\/\/www.artefita.pt\/wp-content\/uploads\/2025\/04\/255854270_5e6d597e-7432-4d37-839f-b3e2c87d8a2e_Users-Group-of-Three-1-1024x1024.png 1024w, https:\/\/www.artefita.pt\/wp-content\/uploads\/2025\/04\/255854270_5e6d597e-7432-4d37-839f-b3e2c87d8a2e_Users-Group-of-Three-1-300x300.png 300w, https:\/\/www.artefita.pt\/wp-content\/uploads\/2025\/04\/255854270_5e6d597e-7432-4d37-839f-b3e2c87d8a2e_Users-Group-of-Three-1-150x150.png 150w, https:\/\/www.artefita.pt\/wp-content\/uploads\/2025\/04\/255854270_5e6d597e-7432-4d37-839f-b3e2c87d8a2e_Users-Group-of-Three-1-768x768.png 768w, https:\/\/www.artefita.pt\/wp-content\/uploads\/2025\/04\/255854270_5e6d597e-7432-4d37-839f-b3e2c87d8a2e_Users-Group-of-Three-1-1536x1536.png 1536w, https:\/\/www.artefita.pt\/wp-content\/uploads\/2025\/04\/255854270_5e6d597e-7432-4d37-839f-b3e2c87d8a2e_Users-Group-of-Three-1-2048x2048.png 2048w\" sizes=\"(max-width: 1024px) 100vw, 1024px\" \/><\/figure><\/div><\/div><\/div>\n\n\n<style>.kadence-column6439_c131a9-17, .kt-inside-inner-col > .kadence-column6439_c131a9-17:not(.specificity){margin-top:0px;margin-bottom:0px;}.kadence-column6439_c131a9-17 > .kt-inside-inner-col{min-height:0px;}.kadence-column6439_c131a9-17 > .kt-inside-inner-col,.kadence-column6439_c131a9-17 > .kt-inside-inner-col:before{border-top-left-radius:0px;border-top-right-radius:0px;border-bottom-right-radius:0px;border-bottom-left-radius:0px;}.kadence-column6439_c131a9-17 > .kt-inside-inner-col:before{opacity:0.3;}.kadence-column6439_c131a9-17{text-align:left;}.kadence-column6439_c131a9-17{position:relative;}<\/style>\n<div class=\"wp-block-kadence-column kadence-column6439_c131a9-17 kb-section-dir-vertical\"><div class=\"kt-inside-inner-col\"><style>.kb-count-up-6439_d2df75-b8 .kb-count-up-title{font-size:var(--global-kb-font-size-xxl, 4rem);line-height:0.2;padding-top:0px;margin-top:0px;margin-right:var(--global-kb-spacing-xxs, 0.5rem);}.kb-count-up-6439_d2df75-b8 .kb-count-up-title{min-height:0px;}.kb-count-up-6439_d2df75-b8 .kb-count-up-number{font-weight:bold;font-size:70px;letter-spacing:3.8px;}.kb-count-up-6439_d2df75-b8 .kb-count-up-number{padding-top:var(--global-kb-spacing-lg, 3rem);}<\/style>\n<div class=\"wp-block-kadence-countup kb-count-up-6439_d2df75-b8 kb-count-up\" data-start=\"0\" data-end=\"120\" data-prefix=\"+\" data-suffix=\"\" data-duration=\"3\" data-separator=\"\"><div class=\"kb-count-up-process kb-count-up-number\"><\/div><h6 class=\"kb-count-up-title\">Mitarbeiter<\/h6><\/div>\n<\/div><\/div>\n\n<\/div><\/div>\n\n<style>.kb-row-layout-id6439_797fb0-0b > .kt-row-column-wrap{align-content:start;}:where(.kb-row-layout-id6439_797fb0-0b > .kt-row-column-wrap) > .wp-block-kadence-column{justify-content:start;}.kb-row-layout-id6439_797fb0-0b > .kt-row-column-wrap{column-gap:var(--global-kb-gap-md, 2rem);row-gap:var(--global-kb-gap-md, 2rem);padding-top:var(--global-kb-spacing-sm, 1.5rem);padding-bottom:var(--global-kb-spacing-sm, 1.5rem);grid-template-columns:minmax(0, 1fr);}.kb-row-layout-id6439_797fb0-0b > .kt-row-layout-overlay{opacity:0.30;}@media all and (max-width: 1024px){.kb-row-layout-id6439_797fb0-0b > .kt-row-column-wrap{grid-template-columns:minmax(0, 1fr);}}@media all and (max-width: 767px){.kb-row-layout-id6439_797fb0-0b > .kt-row-column-wrap{grid-template-columns:minmax(0, 1fr);}}<\/style><div class=\"kb-row-layout-wrap kb-row-layout-id6439_797fb0-0b alignnone wp-block-kadence-rowlayout\"><div class=\"kt-row-column-wrap kt-has-1-columns kt-row-layout-equal kt-tab-layout-inherit kt-mobile-layout-row kt-row-valign-top\">\n<style>.kadence-column6439_c99899-c1 > .kt-inside-inner-col,.kadence-column6439_c99899-c1 > .kt-inside-inner-col:before{border-top-left-radius:0px;border-top-right-radius:0px;border-bottom-right-radius:0px;border-bottom-left-radius:0px;}.kadence-column6439_c99899-c1 > .kt-inside-inner-col:before{opacity:0.3;}.kadence-column6439_c99899-c1{position:relative;}<\/style>\n<div class=\"wp-block-kadence-column kadence-column6439_c99899-c1\"><div class=\"kt-inside-inner-col\"><\/div><\/div>\n\n<\/div><\/div>","protected":false},"excerpt":{"rendered":"<p>Unser Team Meet The Team &#8211; ARTEFITA Gonzaga Oliveira Kommerziell Gonzaga Oliveira Ich bin f\u00fcr die Entwicklung der kaufm\u00e4nnischen Strategie des Unternehmens, die Festlegung von Zielen und die Sicherstellung der Zielerreichung verantwortlich. Die Gewinnung, Bindung und Erweiterung des Kundenstamms stehen im Mittelpunkt meiner t\u00e4glichen Arbeit. Die Katze beruhigt mich und der Fu\u00dfball l\u00e4dt meine Batterien&#8230;<\/p>\n","protected":false},"author":1,"featured_media":0,"parent":0,"menu_order":0,"comment_status":"closed","ping_status":"closed","template":"","meta":{"_kad_post_transparent":"","_kad_post_title":"hide","_kad_post_layout":"fullwidth","_kad_post_sidebar_id":"","_kad_post_content_style":"unboxed","_kad_post_vertical_padding":"hide","_kad_post_feature":"hide","_kad_post_feature_position":"","_kad_post_header":false,"_kad_post_footer":false,"slim_seo":{"title":"ARTEFITA - A Nossa Equipa","description":"Conhece a equipa ARTEFITA e fica a saber quem somos."},"footnotes":""},"aioseo_notices":[],"_links":{"self":[{"href":"https:\/\/www.artefita.pt\/de\/wp-json\/wp\/v2\/pages\/6439"}],"collection":[{"href":"https:\/\/www.artefita.pt\/de\/wp-json\/wp\/v2\/pages"}],"about":[{"href":"https:\/\/www.artefita.pt\/de\/wp-json\/wp\/v2\/types\/page"}],"author":[{"embeddable":true,"href":"https:\/\/www.artefita.pt\/de\/wp-json\/wp\/v2\/users\/1"}],"replies":[{"embeddable":true,"href":"https:\/\/www.artefita.pt\/de\/wp-json\/wp\/v2\/comments?post=6439"}],"version-history":[{"count":153,"href":"https:\/\/www.artefita.pt\/de\/wp-json\/wp\/v2\/pages\/6439\/revisions"}],"predecessor-version":[{"id":7169,"href":"https:\/\/www.artefita.pt\/de\/wp-json\/wp\/v2\/pages\/6439\/revisions\/7169"}],"wp:attachment":[{"href":"https:\/\/www.artefita.pt\/de\/wp-json\/wp\/v2\/media?parent=6439"}],"curies":[{"name":"wp","href":"https:\/\/api.w.org\/{rel}","templated":true}]}}