{"id":5986,"date":"2023-10-27T15:54:45","date_gmt":"2023-10-27T15:54:45","guid":{"rendered":"https:\/\/www.artefita.pt\/?page_id=5986"},"modified":"2025-12-04T15:04:53","modified_gmt":"2025-12-04T15:04:53","slug":"ptcanal-interno-de-denuncias","status":"publish","type":"page","link":"https:\/\/www.artefita.pt\/de\/ptcanal-interno-de-denuncias\/","title":{"rendered":"Internes Hinweisgebersystem"},"content":{"rendered":"\n<p id=\"canalden\u00fancias\"><\/p>\n\n\n\n<p>Em cumprimento do disposto na Lei 93\/2021 de 20.12 a ARTEFITA disponibiliza o canal interno de comunica\u00e7\u00e3o de den\u00fancias:<\/p>\n\n\n\n<p>Dever\u00e1 efetuar o download e preenchimento do Formul\u00e1rio de comunica\u00e7\u00e3o:<\/p>\n\n\n\n<p><\/p>\n\n\n\n<p><a href=\"https:\/\/tinyurl.com\/2yu7u8wj\" data-type=\"link\" data-id=\"https:\/\/tinyurl.com\/2yu7u8wj\">Download formul\u00e1rio de comunica\u00e7\u00e3o<\/a><\/p>\n\n\n\n<p><\/p>\n\n\n\n<p>De seguida submeter o formul\u00e1rio preenchido, incluindo anexos que julgue adequados, para um dos meios indicados no pr\u00f3prio formul\u00e1rio.<\/p>\n\n\n\n<p><\/p>\n","protected":false},"excerpt":{"rendered":"<p>Em cumprimento do disposto na Lei 93\/2021 de 20.12 a ARTEFITA disponibiliza o canal interno de comunica\u00e7\u00e3o de den\u00fancias: Dever\u00e1 efetuar o download e preenchimento do Formul\u00e1rio de comunica\u00e7\u00e3o: Download formul\u00e1rio de comunica\u00e7\u00e3o De seguida submeter o formul\u00e1rio preenchido, incluindo anexos que julgue adequados, para um dos meios indicados no pr\u00f3prio formul\u00e1rio.<\/p>\n","protected":false},"author":1,"featured_media":0,"parent":0,"menu_order":0,"comment_status":"closed","ping_status":"closed","template":"","meta":{"_kad_post_transparent":"","_kad_post_title":"default","_kad_post_layout":"","_kad_post_sidebar_id":"","_kad_post_content_style":"","_kad_post_vertical_padding":"","_kad_post_feature":"","_kad_post_feature_position":"","_kad_post_header":false,"_kad_post_footer":false,"slim_seo":{"title":"Canal Interno de Comunica\u00e7\u00e3o de Den\u00fancias da ARTEFITA","description":"Em cumprimento do disposto na Lei 93\/2021 de 20.12 a ARTEFITA disponibiliza o canal interno de comunica\u00e7\u00e3o de den\u00fancias"},"footnotes":""},"aioseo_notices":[],"_links":{"self":[{"href":"https:\/\/www.artefita.pt\/de\/wp-json\/wp\/v2\/pages\/5986"}],"collection":[{"href":"https:\/\/www.artefita.pt\/de\/wp-json\/wp\/v2\/pages"}],"about":[{"href":"https:\/\/www.artefita.pt\/de\/wp-json\/wp\/v2\/types\/page"}],"author":[{"embeddable":true,"href":"https:\/\/www.artefita.pt\/de\/wp-json\/wp\/v2\/users\/1"}],"replies":[{"embeddable":true,"href":"https:\/\/www.artefita.pt\/de\/wp-json\/wp\/v2\/comments?post=5986"}],"version-history":[{"count":13,"href":"https:\/\/www.artefita.pt\/de\/wp-json\/wp\/v2\/pages\/5986\/revisions"}],"predecessor-version":[{"id":7118,"href":"https:\/\/www.artefita.pt\/de\/wp-json\/wp\/v2\/pages\/5986\/revisions\/7118"}],"wp:attachment":[{"href":"https:\/\/www.artefita.pt\/de\/wp-json\/wp\/v2\/media?parent=5986"}],"curies":[{"name":"wp","href":"https:\/\/api.w.org\/{rel}","templated":true}]}}