{"id":4119,"date":"2019-03-13T10:02:10","date_gmt":"2019-03-13T10:02:10","guid":{"rendered":"https:\/\/www.artefita.pt\/?page_id=4119"},"modified":"2022-05-20T09:56:44","modified_gmt":"2022-05-20T09:56:44","slug":"politica-de-privacidade","status":"publish","type":"page","link":"https:\/\/www.artefita.pt\/de\/politica-de-privacidade\/","title":{"rendered":"Datenschutz-Bestimmungen"},"content":{"rendered":"\n<p><strong>Die gesammelten personenbezogenen\/identifizierenden Informationen werden nur von ARTEFITA verwendet und keinem anderen Unternehmen zur Verf\u00fcgung gestellt.<\/strong><\/p>\n\n\n\n<p>ARTEFITA kann diese Daten f\u00fcr statistische Analysen, Marketingkampagnen oder Newsletter verwenden. Bei einem Einkauf im ARTEFITA Online Store erfassen wir Informationen \u00fcber die Lieferadresse, Steuernummer f\u00fcr die Rechnungsstellung und Zahlungsdetails. Im Zusammenhang mit der Verbesserung des Inhalts und der Benutzererfahrung k\u00f6nnen wir Informationen \u00fcber Ihre Erfahrung im ARTEFITA Online Store sammeln.<\/p>\n\n\n\n<p>Die gesammelten Daten werden verwendet, damit ARTEFITA Ihre Bestellungen bearbeiten, Sie \u00fcber wichtige \u00c4nderungen oder neue Funktionen der Website informieren oder Umfragen durchf\u00fchren kann.<\/p>\n\n\n\n<p>ARTEFITA kann Ihnen per E-Mail Informationen \u00fcber Produkte und Dienstleistungen, Kampagnen, Werbeaktionen und Sonderangebote zusenden. Wenn Sie zu diesen Zwecken nicht kontaktiert werden m\u00f6chten, k\u00f6nnen Sie auf folgende Weise k\u00fcndigen:<\/p>\n\n\n\n<p>\u2013 In den an Ihre E-Mail gesendeten Newslettern finden Sie einen Link zum Abbestellen;<br>\u2013 Sie k\u00f6nnen unseren Kundendienst per E-Mail an marketing@artefita.pt kontaktieren.<\/p>\n\n\n\n<p>Zum Zweck der \u00c4nderung von Benutzerkontodaten im Online-Shop kann ARTEFITA einen Identit\u00e4tsnachweis verlangen, bevor Informationen preisgegeben werden.<\/p>\n\n\n\n<p>In \u00dcbereinstimmung mit den Bestimmungen des Gesetzes Nr. 67\/98 vom 26. Oktober (Gesetz zum Schutz personenbezogener Daten) kann der Benutzer jederzeit das Recht auf Zugang, Berichtigung und L\u00f6schung seiner Daten aus\u00fcben.<\/p>\n\n\n\n<p><\/p>\n\n\n\n<h3 class=\"has-text-align-left wp-block-heading\">Cookies<\/h3>\n\n\n\n<p><\/p>\n\n\n\n<p>Wir k\u00f6nnen Cookies verwenden, um Informationen (z. B. Ihre Browsing-Einstellungen beim Besuch unserer Website) zu speichern, um Ihre Website-Browsing-Erfahrung zu beschleunigen und zu verbessern. Dies kann ein einfaches Popup oder ein Link zu verschiedenen von uns angebotenen Diensten sein.<\/p>\n\n\n\n<p>Der Kunde kann seine Cookies in seinen Browseroptionen deaktivieren oder indem er \u00c4nderungen an den Tools des Anti-Virus-Programms vornimmt. Dies kann jedoch die Art und Weise \u00e4ndern, wie Sie mit unserer Website oder anderen Websites interagieren.<\/p>\n\n\n\n<p><\/p>\n\n\n\n<h3 class=\"has-text-align-left wp-block-heading\">Links zu Websites Dritter<\/h3>\n\n\n\n<p><\/p>\n\n\n\n<p>Im ARTEFITA Online Store k\u00f6nnen Hyperlinks (Links) vorhanden sein, die zu externen Seiten f\u00fchren. Durch Klicken auf diese Hyperlinks (Links) befinden Sie sich nicht mehr auf der ARTEFITA-Website und ARTEFITA hat keine Kontrolle \u00fcber die Bewegungen, die auf diesen Websites stattfinden k\u00f6nnen, und kann daher keine Verantwortung f\u00fcr etwas \u00fcbernehmen, das au\u00dferhalb seiner Plattform (Website) passiert.<\/p>\n\n\n\n<p><\/p>\n\n\n\n<h3 class=\"has-text-align-left wp-block-heading\">DSGVO (Datenschutz-Grundverordnung)<\/h3>\n\n\n\n<p><\/p>\n\n\n\n<p>Mit dem Absenden eines unserer Formulare geben Sie Ihre ausdr\u00fcckliche und kostenfreie Zustimmung zur Verarbeitung Ihrer Daten durch ARTEFITA. Ihre Daten werden nur f\u00fcr Zwecke verarbeitet, die sich auf den Zweck und den Umfang beziehen, der in jedem Formular angegeben ist.<\/p>\n\n\n\n<p>Sie k\u00f6nnen jederzeit auf Ihre Daten zugreifen, sie berichtigen, Ihr Recht auf Vergessenwerden aus\u00fcben, ihre Behandlung einschr\u00e4nken oder sich dagegen aussprechen und auch ihre \u00dcbertragbarkeit anfordern, indem Sie uns unter artefita@artefita.pt kontaktieren.<\/p>\n","protected":false},"excerpt":{"rendered":"<p>Die gesammelten personenbezogenen\/identifizierenden Informationen werden nur von ARTEFITA verwendet und keinem anderen Unternehmen zur Verf\u00fcgung gestellt. ARTEFITA kann diese Daten f\u00fcr statistische Analysen, Marketingkampagnen oder Newsletter verwenden. Bei einem Einkauf im ARTEFITA Online Store erfassen wir Informationen \u00fcber die Lieferadresse, Steuernummer f\u00fcr die Rechnungsstellung und Zahlungsdetails. Im Zusammenhang mit der Verbesserung des Inhalts und der&#8230;<\/p>\n","protected":false},"author":1,"featured_media":0,"parent":0,"menu_order":0,"comment_status":"closed","ping_status":"closed","template":"","meta":{"_kad_post_transparent":"","_kad_post_title":"","_kad_post_layout":"normal","_kad_post_sidebar_id":"","_kad_post_content_style":"boxed","_kad_post_vertical_padding":"","_kad_post_feature":"","_kad_post_feature_position":"","_kad_post_header":false,"_kad_post_footer":false,"slim_seo":{"title":"Pol\u00edtica de Privacidade - Artefita","description":"As informa\u00e7\u00f5es pessoais\/ de identifica\u00e7\u00e3o recolhidas apenas ser\u00e3o utilizadas pela ARTEFITA, n\u00e3o sendo disponibilizadas a qualquer outra entidade."},"footnotes":""},"aioseo_notices":[],"_links":{"self":[{"href":"https:\/\/www.artefita.pt\/de\/wp-json\/wp\/v2\/pages\/4119"}],"collection":[{"href":"https:\/\/www.artefita.pt\/de\/wp-json\/wp\/v2\/pages"}],"about":[{"href":"https:\/\/www.artefita.pt\/de\/wp-json\/wp\/v2\/types\/page"}],"author":[{"embeddable":true,"href":"https:\/\/www.artefita.pt\/de\/wp-json\/wp\/v2\/users\/1"}],"replies":[{"embeddable":true,"href":"https:\/\/www.artefita.pt\/de\/wp-json\/wp\/v2\/comments?post=4119"}],"version-history":[{"count":26,"href":"https:\/\/www.artefita.pt\/de\/wp-json\/wp\/v2\/pages\/4119\/revisions"}],"predecessor-version":[{"id":5704,"href":"https:\/\/www.artefita.pt\/de\/wp-json\/wp\/v2\/pages\/4119\/revisions\/5704"}],"wp:attachment":[{"href":"https:\/\/www.artefita.pt\/de\/wp-json\/wp\/v2\/media?parent=4119"}],"curies":[{"name":"wp","href":"https:\/\/api.w.org\/{rel}","templated":true}]}}